{"id":8,"date":"2017-03-02T13:19:53","date_gmt":"2017-03-02T13:19:53","guid":{"rendered":"http:\/\/www.merytconsult.com\/?page_id=8"},"modified":"2025-05-23T18:59:29","modified_gmt":"2025-05-23T18:59:29","slug":"ettevottest","status":"publish","type":"page","link":"https:\/\/merytconsult.com\/index.php\/ettevottest\/","title":{"rendered":"Ettev\u00f5ttest"},"content":{"rendered":"\n<p>Edina Grupp O\u00dc \u00e4rifilosoofia p\u00f5hialuseks on klientide rahulolu, professionaalsus ja p\u00fc\u00fcd t\u00e4iuslikkuse poole. Meie kindel eesm\u00e4rk on pikaajaline koost\u00f6\u00f6 oma klientidega.<\/p>\n\n\n\n<p>Mitte ainult ei paku me kvaliteetset raamatupidamisteenust, vaid aitame klientidel aru saada nende ettev\u00f5ttes tegelikult toimuvast. Seletame lahti raamatupidamise p\u00f5hit\u00f5ed ja aruanded. Aitame ettev\u00f5ttel v\u00f5tta vastu \u00f5igeid otsuseid raamatupidamise ja ettev\u00f5tte seisukohast.<\/p>\n\n\n\n<p>Meie arvates toob selline suhtumine klientidele l\u00f5ppkokkuv\u00f5ttes m\u00e4rkimisv\u00e4\u00e4rset kulude kokkuhoidu ja tulude suurenemist.\u200b \u200bOleme orienteeritud kliendi vajadustele ning raamatupidamisprotsesside efektiivsele teostamisele.<\/p>\n\n\n\n<p>Edina Grupp O\u00dc-s pakume Teie ettev\u00f5ttele kvaliteetset ja soodsat teenust vastavalt kliendi soovile ja vajadusele.<\/p>\n\n\n\n<figure class=\"wp-block-image\"><img loading=\"lazy\" decoding=\"async\" width=\"1046\" height=\"216\" src=\"http:\/\/merytconsult.com\/wp-content\/uploads\/2017\/03\/fc5f136eba5aeb20bb02119ae08c07cb.jpg\" alt=\"\" class=\"wp-image-64\" srcset=\"https:\/\/merytconsult.com\/wp-content\/uploads\/2017\/03\/fc5f136eba5aeb20bb02119ae08c07cb.jpg 1046w, https:\/\/merytconsult.com\/wp-content\/uploads\/2017\/03\/fc5f136eba5aeb20bb02119ae08c07cb-300x62.jpg 300w, https:\/\/merytconsult.com\/wp-content\/uploads\/2017\/03\/fc5f136eba5aeb20bb02119ae08c07cb-768x159.jpg 768w, https:\/\/merytconsult.com\/wp-content\/uploads\/2017\/03\/fc5f136eba5aeb20bb02119ae08c07cb-1024x211.jpg 1024w\" sizes=\"auto, (max-width: 1046px) 100vw, 1046px\" \/><\/figure>\n\n\n\n<p><\/p>\n","protected":false},"excerpt":{"rendered":"<p>Edina Grupp O\u00dc \u00e4rifilosoofia p\u00f5hialuseks on klientide rahulolu, professionaalsus ja p\u00fc\u00fcd t\u00e4iuslikkuse poole. Meie kindel eesm\u00e4rk on pikaajaline koost\u00f6\u00f6 oma klientidega. Mitte ainult ei paku me kvaliteetset raamatupidamisteenust, vaid aitame &#8230;<\/p>\n","protected":false},"author":1,"featured_media":0,"parent":0,"menu_order":0,"comment_status":"closed","ping_status":"closed","template":"","meta":{"footnotes":""},"class_list":["post-8","page","type-page","status-publish","hentry"],"_links":{"self":[{"href":"https:\/\/merytconsult.com\/index.php\/wp-json\/wp\/v2\/pages\/8","targetHints":{"allow":["GET"]}}],"collection":[{"href":"https:\/\/merytconsult.com\/index.php\/wp-json\/wp\/v2\/pages"}],"about":[{"href":"https:\/\/merytconsult.com\/index.php\/wp-json\/wp\/v2\/types\/page"}],"author":[{"embeddable":true,"href":"https:\/\/merytconsult.com\/index.php\/wp-json\/wp\/v2\/users\/1"}],"replies":[{"embeddable":true,"href":"https:\/\/merytconsult.com\/index.php\/wp-json\/wp\/v2\/comments?post=8"}],"version-history":[{"count":5,"href":"https:\/\/merytconsult.com\/index.php\/wp-json\/wp\/v2\/pages\/8\/revisions"}],"predecessor-version":[{"id":138,"href":"https:\/\/merytconsult.com\/index.php\/wp-json\/wp\/v2\/pages\/8\/revisions\/138"}],"wp:attachment":[{"href":"https:\/\/merytconsult.com\/index.php\/wp-json\/wp\/v2\/media?parent=8"}],"curies":[{"name":"wp","href":"https:\/\/api.w.org\/{rel}","templated":true}]}}