{"id":27,"date":"2017-03-02T13:34:41","date_gmt":"2017-03-02T13:34:41","guid":{"rendered":"http:\/\/www.merytconsult.com\/?page_id=27"},"modified":"2025-05-23T19:00:05","modified_gmt":"2025-05-23T19:00:05","slug":"esileht","status":"publish","type":"page","link":"https:\/\/merytconsult.com\/","title":{"rendered":"Esileht"},"content":{"rendered":"\n<p><\/p>\n\n\n<div class=\"wp-block-image\">\n<figure class=\"alignleft is-resized\"><img loading=\"lazy\" decoding=\"async\" width=\"479\" height=\"320\" src=\"http:\/\/www.merytconsult.com\/wp-content\/uploads\/2017\/03\/2d15d798e299789f6324d53bb8347330.jpg\" alt=\"\" class=\"wp-image-28\" style=\"width:386px;height:auto\" srcset=\"https:\/\/merytconsult.com\/wp-content\/uploads\/2017\/03\/2d15d798e299789f6324d53bb8347330.jpg 479w, https:\/\/merytconsult.com\/wp-content\/uploads\/2017\/03\/2d15d798e299789f6324d53bb8347330-300x200.jpg 300w\" sizes=\"auto, (max-width: 479px) 100vw, 479px\" \/><\/figure><\/div>\n\n\n<p>Edina Grupp O\u00dc pakub raamatupidamis- ja finantsn\u00f5ustamisteenust nii f\u00fc\u00fcsilistele kui ka juriidilistele isikutele.<\/p>\n\n\n\n<p>\u00dckski ettev\u00f5tja ei peaks oma pead vaevama seadusandlusest ja deklaratsioonide esitamise n\u00f5uetest tulenevate n\u00fcanssidega, ega kulutama aega raamatupidamise programmide \u00f5ppimisele.<\/p>\n\n\n\n<p class=\"has-text-align-left\">Usalda oma ettev\u00f5tte raamatupidamine meie hoolde. Garanteerime, et Teie paberimajandus on meiega laitmatus korras ning deklaratasioonid esitatud \u00f5igeaegselt ja optimaalseimal viisil.<\/p>\n\n\n\n<p class=\"has-text-align-left\">\u200bSoovime, et Teie ettev\u00f5te saaks p\u00fchenduda oma ettev\u00f5tte arendamisele.<\/p>\n\n\n\n<p class=\"has-text-align-left\">Edina Grupp O\u00dc<\/p>\n\n\n\n<div class=\"wp-block-buttons is-content-justification-left is-layout-flex wp-container-core-buttons-is-layout-fdcfc74e wp-block-buttons-is-layout-flex\">\n<div class=\"wp-block-button has-custom-width wp-block-button__width-25 is-style-fill\"><a class=\"wp-block-button__link wp-element-button\" href=\"https:\/\/merytconsult.com\/index.php\/kontakt\/\" style=\"border-radius:13px\">V\u00f5ta \u00fchendust<\/a><\/div>\n<\/div>\n\n\n\n<p><\/p>\n","protected":false},"excerpt":{"rendered":"<p>Edina Grupp O\u00dc pakub raamatupidamis- ja finantsn\u00f5ustamisteenust nii f\u00fc\u00fcsilistele kui ka juriidilistele isikutele. \u00dckski ettev\u00f5tja ei peaks oma pead vaevama seadusandlusest ja deklaratsioonide esitamise n\u00f5uetest tulenevate n\u00fcanssidega, ega kulutama aega &#8230;<\/p>\n","protected":false},"author":1,"featured_media":30,"parent":0,"menu_order":0,"comment_status":"closed","ping_status":"closed","template":"","meta":{"footnotes":""},"class_list":["post-27","page","type-page","status-publish","has-post-thumbnail","hentry"],"_links":{"self":[{"href":"https:\/\/merytconsult.com\/index.php\/wp-json\/wp\/v2\/pages\/27","targetHints":{"allow":["GET"]}}],"collection":[{"href":"https:\/\/merytconsult.com\/index.php\/wp-json\/wp\/v2\/pages"}],"about":[{"href":"https:\/\/merytconsult.com\/index.php\/wp-json\/wp\/v2\/types\/page"}],"author":[{"embeddable":true,"href":"https:\/\/merytconsult.com\/index.php\/wp-json\/wp\/v2\/users\/1"}],"replies":[{"embeddable":true,"href":"https:\/\/merytconsult.com\/index.php\/wp-json\/wp\/v2\/comments?post=27"}],"version-history":[{"count":5,"href":"https:\/\/merytconsult.com\/index.php\/wp-json\/wp\/v2\/pages\/27\/revisions"}],"predecessor-version":[{"id":140,"href":"https:\/\/merytconsult.com\/index.php\/wp-json\/wp\/v2\/pages\/27\/revisions\/140"}],"wp:featuredmedia":[{"embeddable":true,"href":"https:\/\/merytconsult.com\/index.php\/wp-json\/wp\/v2\/media\/30"}],"wp:attachment":[{"href":"https:\/\/merytconsult.com\/index.php\/wp-json\/wp\/v2\/media?parent=27"}],"curies":[{"name":"wp","href":"https:\/\/api.w.org\/{rel}","templated":true}]}}