{"id":14,"date":"2017-03-02T13:23:08","date_gmt":"2017-03-02T13:23:08","guid":{"rendered":"http:\/\/www.merytconsult.com\/?page_id=14"},"modified":"2019-09-21T16:45:57","modified_gmt":"2019-09-21T16:45:57","slug":"viited","status":"publish","type":"page","link":"https:\/\/merytconsult.com\/index.php\/viited\/","title":{"rendered":"Viited"},"content":{"rendered":"<p><img loading=\"lazy\" decoding=\"async\" class=\"alignright wp-image-73 size-full\" src=\"http:\/\/www.merytconsult.com\/wp-content\/uploads\/2017\/03\/df51e61889b81341df80366cf4fe2b7d.jpg\" width=\"450\" height=\"390\" srcset=\"https:\/\/merytconsult.com\/wp-content\/uploads\/2017\/03\/df51e61889b81341df80366cf4fe2b7d.jpg 450w, https:\/\/merytconsult.com\/wp-content\/uploads\/2017\/03\/df51e61889b81341df80366cf4fe2b7d-300x260.jpg 300w\" sizes=\"auto, (max-width: 450px) 100vw, 450px\" \/><a href=\"http:\/\/www.emta.ee\/et\">Maksu- ja Tolliamet<\/a><br \/>\n<a href=\"http:\/\/www.kalkulaator.ee\/\">Palgaarvestuse kalkulaator<\/a><br \/>\n<a href=\"http:\/\/www.maksumaksjad.ee\/\">Eesti Maksumaksjate liit<\/a><br \/>\n<a href=\"https:\/\/www.tootukassa.ee\/\">T\u00f6\u00f6tukassa<\/a><br \/>\n<a href=\"https:\/\/www.riigiteataja.ee\/akt\/125052012016?leiaKehtiv\">Raamatupidamise seadus<\/a><br \/>\n<a href=\"https:\/\/www.eesti.ee\/est\/raha_ja_omand\/maksud_2\/maksususteem\">Maksud ja maksus\u00fcsteem Eestis<\/a><br \/>\n<a href=\"http:\/\/europa.eu\/youreurope\/business\/index_et.htm\">Praktiline teave ettev\u00f5tluseks Euroopas<\/a><\/p>\n","protected":false},"excerpt":{"rendered":"<p>Maksu- ja Tolliamet Palgaarvestuse kalkulaator Eesti Maksumaksjate liit T\u00f6\u00f6tukassa Raamatupidamise seadus Maksud ja maksus\u00fcsteem Eestis Praktiline teave ettev\u00f5tluseks Euroopas<\/p>\n","protected":false},"author":1,"featured_media":0,"parent":0,"menu_order":0,"comment_status":"closed","ping_status":"closed","template":"","meta":{"footnotes":""},"class_list":["post-14","page","type-page","status-publish","hentry"],"_links":{"self":[{"href":"https:\/\/merytconsult.com\/index.php\/wp-json\/wp\/v2\/pages\/14","targetHints":{"allow":["GET"]}}],"collection":[{"href":"https:\/\/merytconsult.com\/index.php\/wp-json\/wp\/v2\/pages"}],"about":[{"href":"https:\/\/merytconsult.com\/index.php\/wp-json\/wp\/v2\/types\/page"}],"author":[{"embeddable":true,"href":"https:\/\/merytconsult.com\/index.php\/wp-json\/wp\/v2\/users\/1"}],"replies":[{"embeddable":true,"href":"https:\/\/merytconsult.com\/index.php\/wp-json\/wp\/v2\/comments?post=14"}],"version-history":[{"count":3,"href":"https:\/\/merytconsult.com\/index.php\/wp-json\/wp\/v2\/pages\/14\/revisions"}],"predecessor-version":[{"id":116,"href":"https:\/\/merytconsult.com\/index.php\/wp-json\/wp\/v2\/pages\/14\/revisions\/116"}],"wp:attachment":[{"href":"https:\/\/merytconsult.com\/index.php\/wp-json\/wp\/v2\/media?parent=14"}],"curies":[{"name":"wp","href":"https:\/\/api.w.org\/{rel}","templated":true}]}}