{"id":10,"date":"2017-03-02T13:20:30","date_gmt":"2017-03-02T13:20:30","guid":{"rendered":"http:\/\/www.merytconsult.com\/?page_id=10"},"modified":"2017-03-18T16:03:16","modified_gmt":"2017-03-18T16:03:16","slug":"teenused","status":"publish","type":"page","link":"https:\/\/merytconsult.com\/index.php\/teenused\/","title":{"rendered":"Teenused"},"content":{"rendered":"<p>Pakume professionaalset ja soodsat raamatupidamis- ja finantsn\u00f5ustamisteenust nii alustavale kui ka juba toimivale ettev\u00f5ttele.<\/p>\n<p>Raamatupidamisteenuses sisaldub algdokumentide t\u00f6\u00f6tlemine ja majandustehingute konteerimine. Lisaks pearaamatu, ostu-ja m\u00fc\u00fcgireskontro pidamine.<br \/>\n\u200b<br \/>\nSamuti maksu- ja finantsaruandlus, palga- ja p\u00f5hivara arvestus, majandusaasta aruannete ja vahearuannete koostamine. Vajadusel esindame Teie ettev\u00f5tet Maksu- ja Tolliametis ning pakume finantsn\u00f5ustamist.<\/p>\n<p>Olenevalt soovist teostame panga\u00fclekanded ja koostame lisaaruanded, et anda parem \u00fclevaade Teie ettev\u00f5tte majandustegevusest.<\/p>\n<h3>PAKUTAVAD TEENUSED<\/h3>\n<ul>\n<li>Kvaliteetne raamatupidamine juriidilistele ja f\u00fc\u00fcsilistele isikutele;<\/li>\n<li>Jooksev raamatupidamine, dokumentide n\u00f5uetele vastavuse kontroll, andmete raamatupidamise programmi sisestamine;<\/li>\n<li>Aruannete koostamine ja kliendile esitamine (bilanss, kasumiaruanne, reskontrod jne);<\/li>\n<li>Palgaarvestus;<\/li>\n<li>Maksude arvestus;<\/li>\n<li>Maksudeklaratsioonide koostamine ning esitamine;<\/li>\n<li>Aastaaruannete koostamine ja elektrooniline esitamine;<\/li>\n<li>Statistikaaruannete tegemine ja esitamine;<\/li>\n<li>Dokumentide arhiveerimine;<\/li>\n<li>Muud raamatupidamisalased t\u00f6\u00f6d (p\u00f5hivara arvestus, panga\u00fclekanded, ettev\u00f5tte sisearuandlus, l\u00e4hetus- ja kuluaruannete koostamine jne);<\/li>\n<li>Raamatupidamisalased konsultatsioonid;<\/li>\n<li>N\u00f5ustamine (p\u00fcsikliendile tasuta);<\/li>\n<li>Raamatupidamise sisseseadmine;<\/li>\n<li>Raamatupidamise taastamine ning eelnevate perioodide korrastamine;<\/li>\n<li>Maksukonsultatsioonid;<\/li>\n<li>Finantskonsultatsioonid.<\/li>\n<\/ul>\n<h3>Huvi korral v\u00f5ta \u00fchendust, et saaksime Teile pakkuda personaalset lahendust vastavalt Teie vajadustele!<\/h3>\n","protected":false},"excerpt":{"rendered":"<p>Pakume professionaalset ja soodsat raamatupidamis- ja finantsn\u00f5ustamisteenust nii alustavale kui ka juba toimivale ettev\u00f5ttele. Raamatupidamisteenuses sisaldub algdokumentide t\u00f6\u00f6tlemine ja majandustehingute konteerimine. Lisaks pearaamatu, ostu-ja m\u00fc\u00fcgireskontro pidamine. \u200b Samuti maksu- ja &#8230;<\/p>\n","protected":false},"author":1,"featured_media":0,"parent":0,"menu_order":0,"comment_status":"closed","ping_status":"closed","template":"","meta":{"footnotes":""},"class_list":["post-10","page","type-page","status-publish","hentry"],"_links":{"self":[{"href":"https:\/\/merytconsult.com\/index.php\/wp-json\/wp\/v2\/pages\/10","targetHints":{"allow":["GET"]}}],"collection":[{"href":"https:\/\/merytconsult.com\/index.php\/wp-json\/wp\/v2\/pages"}],"about":[{"href":"https:\/\/merytconsult.com\/index.php\/wp-json\/wp\/v2\/types\/page"}],"author":[{"embeddable":true,"href":"https:\/\/merytconsult.com\/index.php\/wp-json\/wp\/v2\/users\/1"}],"replies":[{"embeddable":true,"href":"https:\/\/merytconsult.com\/index.php\/wp-json\/wp\/v2\/comments?post=10"}],"version-history":[{"count":2,"href":"https:\/\/merytconsult.com\/index.php\/wp-json\/wp\/v2\/pages\/10\/revisions"}],"predecessor-version":[{"id":76,"href":"https:\/\/merytconsult.com\/index.php\/wp-json\/wp\/v2\/pages\/10\/revisions\/76"}],"wp:attachment":[{"href":"https:\/\/merytconsult.com\/index.php\/wp-json\/wp\/v2\/media?parent=10"}],"curies":[{"name":"wp","href":"https:\/\/api.w.org\/{rel}","templated":true}]}}